{"id":9,"date":"2021-06-08T20:57:54","date_gmt":"2021-06-08T20:57:54","guid":{"rendered":"https:\/\/arqueoinfiernillo.org\/sitioweb\/?page_id=9"},"modified":"2021-11-23T23:42:11","modified_gmt":"2021-11-23T23:42:11","slug":"inicio","status":"publish","type":"page","link":"https:\/\/arqueoinfiernillo.org\/sitioweb\/","title":{"rendered":"Inicio"},"content":{"rendered":"\t\t<div data-elementor-type=\"wp-page\" data-elementor-id=\"9\" class=\"elementor elementor-9\">\n\t\t\t\t\t\t<section class=\"elementor-section elementor-top-section elementor-element elementor-element-f465f86 animated-slow elementor-section-content-top elementor-section-boxed elementor-section-height-default elementor-section-height-default elementor-invisible\" data-id=\"f465f86\" data-element_type=\"section\" data-e-type=\"section\" data-settings=\"{&quot;background_background&quot;:&quot;slideshow&quot;,&quot;background_slideshow_gallery&quot;:[{&quot;id&quot;:457,&quot;url&quot;:&quot;https:\\\/\\\/arqueoinfiernillo.org\\\/sitioweb\\\/wp-content\\\/uploads\\\/2021\\\/08\\\/DSC04654.jpg&quot;},{&quot;id&quot;:458,&quot;url&quot;:&quot;https:\\\/\\\/arqueoinfiernillo.org\\\/sitioweb\\\/wp-content\\\/uploads\\\/2021\\\/08\\\/Cueva-de-Los-Corrales-1.jpg&quot;},{&quot;id&quot;:459,&quot;url&quot;:&quot;https:\\\/\\\/arqueoinfiernillo.org\\\/sitioweb\\\/wp-content\\\/uploads\\\/2021\\\/08\\\/Cueva-de-Los-Corrales-1b.jpg&quot;},{&quot;id&quot;:460,&quot;url&quot;:&quot;https:\\\/\\\/arqueoinfiernillo.org\\\/sitioweb\\\/wp-content\\\/uploads\\\/2021\\\/08\\\/DJI_0076.jpg&quot;},{&quot;id&quot;:461,&quot;url&quot;:&quot;https:\\\/\\\/arqueoinfiernillo.org\\\/sitioweb\\\/wp-content\\\/uploads\\\/2021\\\/08\\\/DSC00195.jpg&quot;},{&quot;id&quot;:462,&quot;url&quot;:&quot;https:\\\/\\\/arqueoinfiernillo.org\\\/sitioweb\\\/wp-content\\\/uploads\\\/2021\\\/08\\\/DSC01102.jpg&quot;},{&quot;id&quot;:463,&quot;url&quot;:&quot;https:\\\/\\\/arqueoinfiernillo.org\\\/sitioweb\\\/wp-content\\\/uploads\\\/2021\\\/08\\\/DSC03453.jpg&quot;}],&quot;background_slideshow_transition_duration&quot;:1000,&quot;background_slideshow_ken_burns&quot;:&quot;yes&quot;,&quot;animation&quot;:&quot;fadeIn&quot;,&quot;background_slideshow_loop&quot;:&quot;yes&quot;,&quot;background_slideshow_slide_duration&quot;:5000,&quot;background_slideshow_slide_transition&quot;:&quot;fade&quot;,&quot;background_slideshow_ken_burns_zoom_direction&quot;:&quot;in&quot;}\">\n\t\t\t\t\t\t<div class=\"elementor-container elementor-column-gap-default\">\n\t\t\t\t\t<div class=\"elementor-column elementor-col-100 elementor-top-column elementor-element elementor-element-42c1d51\" data-id=\"42c1d51\" data-element_type=\"column\" data-e-type=\"column\">\n\t\t\t<div class=\"elementor-widget-wrap\">\n\t\t\t\t\t\t\t<\/div>\n\t\t<\/div>\n\t\t\t\t\t<\/div>\n\t\t<\/section>\n\t\t\t\t<section class=\"elementor-section elementor-top-section elementor-element elementor-element-9c89ae5 elementor-section-full_width elementor-section-height-default elementor-section-height-default\" data-id=\"9c89ae5\" data-element_type=\"section\" data-e-type=\"section\" data-settings=\"{&quot;background_background&quot;:&quot;classic&quot;}\">\n\t\t\t\t\t\t<div class=\"elementor-container elementor-column-gap-default\">\n\t\t\t\t\t<div class=\"elementor-column elementor-col-100 elementor-top-column elementor-element elementor-element-ef937e6\" data-id=\"ef937e6\" data-element_type=\"column\" data-e-type=\"column\">\n\t\t\t<div class=\"elementor-widget-wrap elementor-element-populated\">\n\t\t\t\t\t\t<div class=\"elementor-element elementor-element-59c3545 animated-slow elementor-invisible elementor-widget elementor-widget-text-editor\" data-id=\"59c3545\" data-element_type=\"widget\" data-e-type=\"widget\" data-settings=\"{&quot;_animation&quot;:&quot;bounceIn&quot;}\" data-widget_type=\"text-editor.default\">\n\t\t\t\t<div class=\"elementor-widget-container\">\n\t\t\t\t\t\t\t\t\t<p>El paso del tiempo lo atraviesa todo, cada instante presente ya es pasado y a ese pasado se asocian hechos y evidencias materiales producidas por las sociedades del pasado. Esta materialidad puede perdurar bajo tierra por siglos o incluso milenios, y es el punto de partida para poder reconstruir antiguos modos de vida de sociedades que hoy ya no existen.<br \/>Este es el principal rol de la Arqueolog\u00eda como ciencia social, conocer e intentar explicar el estilo de vida y los procesos de cambio ocurridos en el pasado. Los arque\u00f3logos cuando realizamos nuestras excavaciones en un yacimiento prehisp\u00e1nico, hallamos diversas clases de objetos que pueden tener 1.000 o 10.000 a\u00f1os de antig\u00fcedad, y en cierta forma nos permiten \u201cviajar\u201d en el tiempo formando parte de un continuo c\u00edrculo entre ese pasado remoto y el tiempo presente.<\/p>\t\t\t\t\t\t\t\t<\/div>\n\t\t\t\t<\/div>\n\t\t\t\t\t<\/div>\n\t\t<\/div>\n\t\t\t\t\t<\/div>\n\t\t<\/section>\n\t\t\t\t<section class=\"elementor-section elementor-top-section elementor-element elementor-element-7131ed4 elementor-section-full_width elementor-section-height-default elementor-section-height-default\" data-id=\"7131ed4\" data-element_type=\"section\" data-e-type=\"section\" data-settings=\"{&quot;background_background&quot;:&quot;classic&quot;}\">\n\t\t\t\t\t\t<div class=\"elementor-container elementor-column-gap-default\">\n\t\t\t\t\t<div class=\"elementor-column elementor-col-100 elementor-top-column elementor-element elementor-element-4a8daf2\" data-id=\"4a8daf2\" data-element_type=\"column\" data-e-type=\"column\">\n\t\t\t<div class=\"elementor-widget-wrap elementor-element-populated\">\n\t\t\t\t\t\t<div class=\"elementor-element elementor-element-eab13da animated-slow elementor-invisible elementor-widget elementor-widget-text-editor\" data-id=\"eab13da\" data-element_type=\"widget\" data-e-type=\"widget\" data-settings=\"{&quot;_animation&quot;:&quot;bounceIn&quot;,&quot;_animation_delay&quot;:600}\" data-widget_type=\"text-editor.default\">\n\t\t\t\t<div class=\"elementor-widget-container\">\n\t\t\t\t\t\t\t\t\t<p>En esta p\u00e1gina queremos dar a conocer informaci\u00f3n general sobre la historia prehisp\u00e1nica de un sector de El Infiernillo (Tucum\u00e1n, Argentina), particularmente de la Quebrada de Los Corrales. Nuestras investigaciones fueron iniciadas en 2005 y hoy podemos afirmar que esta zona estuvo ocupada por grupos humanos desde hace al menos 8.000 a\u00f1os. A partir de este momento la quebrada fue habitada durante miles de a\u00f1os hasta 1300 d.C., poco antes de que los primeros espa\u00f1oles llegaran al NOA. Dentro de la esta larga secuencia hist\u00f3rica, intentamos comprender el estilo de vida de los primeros grupos cazadores-recolectores, la transici\u00f3n hacia una econom\u00eda de la producci\u00f3n de alimentos, y el surgimiento de las primeras sociedades aldeanas agro-pastoriles durante el inicio del 1\u00ba milenio d.C.<br \/>Conocer para preservar y difundir el patrimonio cultural de nuestra gente y de nuestra tierra es nuestra principal misi\u00f3n a cumplir\u2026siempre con el pasado adelante.<\/p>\t\t\t\t\t\t\t\t<\/div>\n\t\t\t\t<\/div>\n\t\t\t\t<div class=\"elementor-element elementor-element-b5da90 elementor-align-center elementor-widget elementor-widget-button\" data-id=\"b5da90\" data-element_type=\"widget\" data-e-type=\"widget\" data-widget_type=\"button.default\">\n\t\t\t\t<div class=\"elementor-widget-container\">\n\t\t\t\t\t\t\t\t\t<div class=\"elementor-button-wrapper\">\n\t\t\t\t\t<a class=\"elementor-button elementor-button-link elementor-size-sm\" href=\"https:\/\/arqueoinfiernillo.org\/sitioweb\/presentacion\/\">\n\t\t\t\t\t\t<span class=\"elementor-button-content-wrapper\">\n\t\t\t\t\t\t\t\t\t<span class=\"elementor-button-text\">VER MAS<\/span>\n\t\t\t\t\t<\/span>\n\t\t\t\t\t<\/a>\n\t\t\t\t<\/div>\n\t\t\t\t\t\t\t\t<\/div>\n\t\t\t\t<\/div>\n\t\t\t\t\t<\/div>\n\t\t<\/div>\n\t\t\t\t\t<\/div>\n\t\t<\/section>\n\t\t\t\t<\/div>\n\t\t","protected":false},"excerpt":{"rendered":"<p>El paso del tiempo lo atraviesa todo, cada instante presente ya es pasado y a ese pasado se asocian hechos y evidencias materiales producidas por las sociedades del pasado. Esta materialidad puede perdurar bajo tierra por siglos o incluso milenios, y es el punto de partida para poder reconstruir antiguos modos de vida de sociedades [&hellip;]<\/p>\n","protected":false},"author":2,"featured_media":0,"parent":0,"menu_order":0,"comment_status":"closed","ping_status":"closed","template":"","meta":{"site-sidebar-layout":"no-sidebar","site-content-layout":"page-builder","ast-site-content-layout":"default","site-content-style":"default","site-sidebar-style":"default","ast-global-header-display":"","ast-banner-title-visibility":"","ast-main-header-display":"","ast-hfb-above-header-display":"","ast-hfb-below-header-display":"","ast-hfb-mobile-header-display":"","site-post-title":"disabled","ast-breadcrumbs-content":"","ast-featured-img":"disabled","footer-sml-layout":"","ast-disable-related-posts":"","theme-transparent-header-meta":"","adv-header-id-meta":"","stick-header-meta":"","header-above-stick-meta":"","header-main-stick-meta":"","header-below-stick-meta":"","astra-migrate-meta-layouts":"default","ast-page-background-enabled":"default","ast-page-background-meta":{"desktop":{"background-color":"var(--ast-global-color-4)","background-image":"","background-repeat":"repeat","background-position":"center center","background-size":"auto","background-attachment":"scroll","background-type":"","background-media":"","overlay-type":"","overlay-color":"","overlay-opacity":"","overlay-gradient":""},"tablet":{"background-color":"","background-image":"","background-repeat":"repeat","background-position":"center center","background-size":"auto","background-attachment":"scroll","background-type":"","background-media":"","overlay-type":"","overlay-color":"","overlay-opacity":"","overlay-gradient":""},"mobile":{"background-color":"","background-image":"","background-repeat":"repeat","background-position":"center center","background-size":"auto","background-attachment":"scroll","background-type":"","background-media":"","overlay-type":"","overlay-color":"","overlay-opacity":"","overlay-gradient":""}},"ast-content-background-meta":{"desktop":{"background-color":"var(--ast-global-color-5)","background-image":"","background-repeat":"repeat","background-position":"center center","background-size":"auto","background-attachment":"scroll","background-type":"","background-media":"","overlay-type":"","overlay-color":"","overlay-opacity":"","overlay-gradient":""},"tablet":{"background-color":"var(--ast-global-color-5)","background-image":"","background-repeat":"repeat","background-position":"center center","background-size":"auto","background-attachment":"scroll","background-type":"","background-media":"","overlay-type":"","overlay-color":"","overlay-opacity":"","overlay-gradient":""},"mobile":{"background-color":"var(--ast-global-color-5)","background-image":"","background-repeat":"repeat","background-position":"center center","background-size":"auto","background-attachment":"scroll","background-type":"","background-media":"","overlay-type":"","overlay-color":"","overlay-opacity":"","overlay-gradient":""}},"footnotes":""},"class_list":["post-9","page","type-page","status-publish","hentry"],"_links":{"self":[{"href":"https:\/\/arqueoinfiernillo.org\/sitioweb\/wp-json\/wp\/v2\/pages\/9","targetHints":{"allow":["GET"]}}],"collection":[{"href":"https:\/\/arqueoinfiernillo.org\/sitioweb\/wp-json\/wp\/v2\/pages"}],"about":[{"href":"https:\/\/arqueoinfiernillo.org\/sitioweb\/wp-json\/wp\/v2\/types\/page"}],"author":[{"embeddable":true,"href":"https:\/\/arqueoinfiernillo.org\/sitioweb\/wp-json\/wp\/v2\/users\/2"}],"replies":[{"embeddable":true,"href":"https:\/\/arqueoinfiernillo.org\/sitioweb\/wp-json\/wp\/v2\/comments?post=9"}],"version-history":[{"count":67,"href":"https:\/\/arqueoinfiernillo.org\/sitioweb\/wp-json\/wp\/v2\/pages\/9\/revisions"}],"predecessor-version":[{"id":737,"href":"https:\/\/arqueoinfiernillo.org\/sitioweb\/wp-json\/wp\/v2\/pages\/9\/revisions\/737"}],"wp:attachment":[{"href":"https:\/\/arqueoinfiernillo.org\/sitioweb\/wp-json\/wp\/v2\/media?parent=9"}],"curies":[{"name":"wp","href":"https:\/\/api.w.org\/{rel}","templated":true}]}}