{"id":71,"date":"2021-06-08T22:24:56","date_gmt":"2021-06-08T22:24:56","guid":{"rendered":"https:\/\/arqueoinfiernillo.org\/sitioweb\/?page_id=71"},"modified":"2021-07-08T18:27:14","modified_gmt":"2021-07-08T18:27:14","slug":"contacto","status":"publish","type":"page","link":"https:\/\/arqueoinfiernillo.org\/sitioweb\/contacto\/","title":{"rendered":"Contacto"},"content":{"rendered":"\t\t<div data-elementor-type=\"wp-page\" data-elementor-id=\"71\" class=\"elementor elementor-71\">\n\t\t\t\t\t\t<section class=\"elementor-section elementor-top-section elementor-element elementor-element-5d327ee9 elementor-section-boxed elementor-section-height-default elementor-section-height-default\" data-id=\"5d327ee9\" data-element_type=\"section\" data-e-type=\"section\" data-settings=\"{&quot;background_background&quot;:&quot;classic&quot;}\">\n\t\t\t\t\t\t<div class=\"elementor-container elementor-column-gap-default\">\n\t\t\t\t\t<div class=\"elementor-column elementor-col-100 elementor-top-column elementor-element elementor-element-2537434 animated-slow elementor-invisible\" data-id=\"2537434\" data-element_type=\"column\" data-e-type=\"column\" data-settings=\"{&quot;animation&quot;:&quot;bounceInLeft&quot;}\">\n\t\t\t<div class=\"elementor-widget-wrap elementor-element-populated\">\n\t\t\t\t\t\t<div class=\"elementor-element elementor-element-4fed832e elementor-widget elementor-widget-heading\" data-id=\"4fed832e\" data-element_type=\"widget\" data-e-type=\"widget\" data-widget_type=\"heading.default\">\n\t\t\t\t<div class=\"elementor-widget-container\">\n\t\t\t\t\t<h2 class=\"elementor-heading-title elementor-size-default\">Formulario de Consultas<\/h2>\t\t\t\t<\/div>\n\t\t\t\t<\/div>\n\t\t\t\t<div class=\"elementor-element elementor-element-7c287b86 elementor-widget elementor-widget-text-editor\" data-id=\"7c287b86\" data-element_type=\"widget\" data-e-type=\"widget\" data-widget_type=\"text-editor.default\">\n\t\t\t\t<div class=\"elementor-widget-container\">\n\t\t\t\t\t\t\t\t\t<p>Si desea contactarnos h\u00e1galo a trav\u00e9s del siguiente formulario y le responderemos a la brevedad.<br \/>Tambi\u00e9n puede comunicarse con nosotros a trav\u00e9s de Whatsapp.<\/p>\t\t\t\t\t\t\t\t<\/div>\n\t\t\t\t<\/div>\n\t\t\t\t<div class=\"elementor-element elementor-element-491df16a elementor-widget elementor-widget-text-editor\" data-id=\"491df16a\" data-element_type=\"widget\" data-e-type=\"widget\" data-widget_type=\"text-editor.default\">\n\t\t\t\t<div class=\"elementor-widget-container\">\n\t\t\t\t\t\t\t\t\t<form id=\"contact\" action=\"https:\/\/arqueoinfiernillo.org\/formulario\/contacto.php\" method=\"post\" name=\"contact\">NOMBRE Y APELLIDO<br>\n\t  <input tabindex=\"1\" name=\"nombre\" required=\"\" type=\"text\" autofocus=\"\" placeholder=\"Tu nombre y apellido\" \/>\n      <br>\n      <br>\n\nDIRECCI\u00d3N<br>\n<input tabindex=\"1\" name=\"direccion\" required=\"\" type=\"text\" autofocus=\"\" placeholder=\"Tu Direccion\" \/><span style=\"color: #000033; font-size: 16px;\"><br>\n\u00a0\u00a0<\/span>\n\n<br>\nTELEFONO<br>\n<span style=\"color: #000033;\"> <input tabindex=\"1\" name=\"telefono\" required=\"\" type=\"text\" autofocus=\"\" placeholder=\"Tu telefono\" \/>\n<br>\n<br>\n<\/span>\n\nCIUDAD<br>\n<span style=\"color: #000033;\"> <input tabindex=\"1\" name=\"ciudad\" required=\"\" type=\"text\" autofocus=\"\" placeholder=\"Ciudad\" \/>\n<\/span>\n\n<br>\n<br>\nPAIS<br>\n<span style=\"color: #000033;\">\n<input tabindex=\"1\" name=\"pais\" required=\"\" type=\"text\" autofocus=\"\" placeholder=\"Tu Pais\" \/><\/span><br>\n<br>\n\nEMAIL<br>\n<span style=\"color: #000033;\"> <input tabindex=\"2\" name=\"email\" required=\"\" type=\"email\" placeholder=\"Tu email\" \/><\/span>\n\n<br>\n<br>\nMENSAJE<br>\n<textarea tabindex=\"5\" name=\"mensaje\" required=\"\" placeholder=\"Escribe tu mensaje....\">\n<\/textarea>\n<br>\n<br>\n\n <button type=\"submit\">Enviar<\/button>\n\n<\/form>\t\t\t\t\t\t\t\t<\/div>\n\t\t\t\t<\/div>\n\t\t\t\t\t<\/div>\n\t\t<\/div>\n\t\t\t\t\t<\/div>\n\t\t<\/section>\n\t\t\t\t<\/div>\n\t\t","protected":false},"excerpt":{"rendered":"<p>Formulario de Consultas Si desea contactarnos h\u00e1galo a trav\u00e9s del siguiente formulario y le responderemos a la brevedad.Tambi\u00e9n puede comunicarse con nosotros a trav\u00e9s de Whatsapp. NOMBRE Y APELLIDO DIRECCI\u00d3N \u00a0\u00a0 TELEFONO CIUDAD PAIS EMAIL MENSAJE Enviar<\/p>\n","protected":false},"author":2,"featured_media":0,"parent":0,"menu_order":0,"comment_status":"closed","ping_status":"closed","template":"","meta":{"site-sidebar-layout":"no-sidebar","site-content-layout":"page-builder","ast-site-content-layout":"default","site-content-style":"default","site-sidebar-style":"default","ast-global-header-display":"","ast-banner-title-visibility":"","ast-main-header-display":"","ast-hfb-above-header-display":"","ast-hfb-below-header-display":"","ast-hfb-mobile-header-display":"","site-post-title":"disabled","ast-breadcrumbs-content":"","ast-featured-img":"disabled","footer-sml-layout":"","ast-disable-related-posts":"","theme-transparent-header-meta":"default","adv-header-id-meta":"","stick-header-meta":"","header-above-stick-meta":"","header-main-stick-meta":"","header-below-stick-meta":"","astra-migrate-meta-layouts":"default","ast-page-background-enabled":"default","ast-page-background-meta":{"desktop":{"background-color":"var(--ast-global-color-4)","background-image":"","background-repeat":"repeat","background-position":"center center","background-size":"auto","background-attachment":"scroll","background-type":"","background-media":"","overlay-type":"","overlay-color":"","overlay-opacity":"","overlay-gradient":""},"tablet":{"background-color":"","background-image":"","background-repeat":"repeat","background-position":"center center","background-size":"auto","background-attachment":"scroll","background-type":"","background-media":"","overlay-type":"","overlay-color":"","overlay-opacity":"","overlay-gradient":""},"mobile":{"background-color":"","background-image":"","background-repeat":"repeat","background-position":"center center","background-size":"auto","background-attachment":"scroll","background-type":"","background-media":"","overlay-type":"","overlay-color":"","overlay-opacity":"","overlay-gradient":""}},"ast-content-background-meta":{"desktop":{"background-color":"var(--ast-global-color-5)","background-image":"","background-repeat":"repeat","background-position":"center center","background-size":"auto","background-attachment":"scroll","background-type":"","background-media":"","overlay-type":"","overlay-color":"","overlay-opacity":"","overlay-gradient":""},"tablet":{"background-color":"var(--ast-global-color-5)","background-image":"","background-repeat":"repeat","background-position":"center center","background-size":"auto","background-attachment":"scroll","background-type":"","background-media":"","overlay-type":"","overlay-color":"","overlay-opacity":"","overlay-gradient":""},"mobile":{"background-color":"var(--ast-global-color-5)","background-image":"","background-repeat":"repeat","background-position":"center center","background-size":"auto","background-attachment":"scroll","background-type":"","background-media":"","overlay-type":"","overlay-color":"","overlay-opacity":"","overlay-gradient":""}},"footnotes":""},"class_list":["post-71","page","type-page","status-publish","hentry"],"_links":{"self":[{"href":"https:\/\/arqueoinfiernillo.org\/sitioweb\/wp-json\/wp\/v2\/pages\/71","targetHints":{"allow":["GET"]}}],"collection":[{"href":"https:\/\/arqueoinfiernillo.org\/sitioweb\/wp-json\/wp\/v2\/pages"}],"about":[{"href":"https:\/\/arqueoinfiernillo.org\/sitioweb\/wp-json\/wp\/v2\/types\/page"}],"author":[{"embeddable":true,"href":"https:\/\/arqueoinfiernillo.org\/sitioweb\/wp-json\/wp\/v2\/users\/2"}],"replies":[{"embeddable":true,"href":"https:\/\/arqueoinfiernillo.org\/sitioweb\/wp-json\/wp\/v2\/comments?post=71"}],"version-history":[{"count":34,"href":"https:\/\/arqueoinfiernillo.org\/sitioweb\/wp-json\/wp\/v2\/pages\/71\/revisions"}],"predecessor-version":[{"id":393,"href":"https:\/\/arqueoinfiernillo.org\/sitioweb\/wp-json\/wp\/v2\/pages\/71\/revisions\/393"}],"wp:attachment":[{"href":"https:\/\/arqueoinfiernillo.org\/sitioweb\/wp-json\/wp\/v2\/media?parent=71"}],"curies":[{"name":"wp","href":"https:\/\/api.w.org\/{rel}","templated":true}]}}