{"id":60,"date":"2021-06-08T22:18:30","date_gmt":"2021-06-08T22:18:30","guid":{"rendered":"https:\/\/arqueoinfiernillo.org\/sitioweb\/?page_id=60"},"modified":"2021-07-26T21:16:46","modified_gmt":"2021-07-26T21:16:46","slug":"proyectos","status":"publish","type":"page","link":"https:\/\/arqueoinfiernillo.org\/sitioweb\/proyectos\/","title":{"rendered":"Proyectos En Curso"},"content":{"rendered":"\t\t<div data-elementor-type=\"wp-page\" data-elementor-id=\"60\" class=\"elementor elementor-60\">\n\t\t\t\t\t\t<section class=\"elementor-section elementor-top-section elementor-element elementor-element-7282f3f elementor-section-boxed elementor-section-height-default elementor-section-height-default\" data-id=\"7282f3f\" data-element_type=\"section\" data-e-type=\"section\">\n\t\t\t\t\t\t<div class=\"elementor-container elementor-column-gap-default\">\n\t\t\t\t\t<div class=\"elementor-column elementor-col-100 elementor-top-column elementor-element elementor-element-9791799\" data-id=\"9791799\" data-element_type=\"column\" data-e-type=\"column\">\n\t\t\t<div class=\"elementor-widget-wrap elementor-element-populated\">\n\t\t\t\t\t\t<div class=\"elementor-element elementor-element-fea15f6 elementor-widget elementor-widget-heading\" data-id=\"fea15f6\" data-element_type=\"widget\" data-e-type=\"widget\" data-widget_type=\"heading.default\">\n\t\t\t\t<div class=\"elementor-widget-container\">\n\t\t\t\t\t<h2 class=\"elementor-heading-title elementor-size-default\">PROYECTOS DE INVESTIGACI\u00d3N (en curso)<\/h2>\t\t\t\t<\/div>\n\t\t\t\t<\/div>\n\t\t\t\t\t<\/div>\n\t\t<\/div>\n\t\t\t\t\t<\/div>\n\t\t<\/section>\n\t\t\t\t<section class=\"elementor-section elementor-top-section elementor-element elementor-element-b86048b elementor-section-boxed elementor-section-height-default elementor-section-height-default\" data-id=\"b86048b\" data-element_type=\"section\" data-e-type=\"section\" data-settings=\"{&quot;background_background&quot;:&quot;classic&quot;}\">\n\t\t\t\t\t\t<div class=\"elementor-container elementor-column-gap-default\">\n\t\t\t\t\t<div class=\"elementor-column elementor-col-100 elementor-top-column elementor-element elementor-element-b668073\" data-id=\"b668073\" data-element_type=\"column\" data-e-type=\"column\">\n\t\t\t<div class=\"elementor-widget-wrap elementor-element-populated\">\n\t\t\t\t\t\t<div class=\"elementor-element elementor-element-f9aab1e elementor-widget elementor-widget-text-editor\" data-id=\"f9aab1e\" data-element_type=\"widget\" data-e-type=\"widget\" data-widget_type=\"text-editor.default\">\n\t\t\t\t<div class=\"elementor-widget-container\">\n\t\t\t\t\t\t\t\t\t<p><strong>PICT 2018-03150 &#8211;<\/strong> Financiado por la Agencia Nacional de Promoci\u00f3n Cient\u00edfica y Tecnol\u00f3gica (ANPCyT). Per\u00edodo 2020-2022.<br \/><strong>T\u00cdTULO<\/strong>: Secuencia Cultural Prehisp\u00e1nica durante el Holoceno en el Centro-Oeste de Tucum\u00e1n: El Caso de la Quebrada de Los Corrales-El Infiernillo<em><br \/><\/em><\/p><p><strong>INVESTIGADOR RESPONSABLE:<\/strong> Dr. Jorge Gabriel Mart\u00ednez<\/p><p><strong>S\u00edntesis<\/strong> <strong><br \/><\/strong>Con este proyecto buscamos seguir avanzando en el conocimiento y explicaci\u00f3n del desarrollo cultural prehisp\u00e1nico ocurrido desde el Holoceno medio inicial hasta el Holoceno tard\u00edo en la Quebrada de Los Corrales (abrev. QDLC), en el Abra de El Infiernillo (Tucum\u00e1n, Argentina). <br \/>Se trata de una quebrada de altura ubicada a ca.3100 msnm en el sector norte del sistema monta\u00f1oso del Aconquija, en una situaci\u00f3n ecol\u00f3gica intermedia entre un valle h\u00famedo (Taf\u00ed del Valle, Tucum\u00e1n) y un valle semi\u00e1rido (Valle de Santa Mar\u00eda, Catamarca). Los trabajos de investigaci\u00f3n desarrollados desde 2005 en esta \u00e1rea permitieron identificar diversos tipos de evidencias arqueol\u00f3gicas correspondientes a distintos momentos de ocupaciones humanas que se inician en el Holoceno medio (ca.7820-630 a\u00f1os AP). Esta larga secuencia ocupacional de m\u00e1s de 7000 a\u00f1os, convierte a QDLC en uno de los pocos casos en el NO de Argentina que permite abordar y explicar los procesos socioecon\u00f3micos de cambio ocurridos desde una matriz cazadora-recolectora hasta el establecimiento de una extensa aldea agro-pastoril (Puesto Viejo) hacia los inicios del primer milenio de la Era Cristiana. Este proyecto abarca todo el lapso mencionado, continuando la b\u00fasqueda de ocupaciones humanas m\u00e1s antiguas a las ya detectadas hacia ca.7820 AP. No obstante, el proyecto abordar\u00e1 con especial \u00e9nfasis la caracterizaci\u00f3n y comprensi\u00f3n de c\u00f3mo ocurri\u00f3 esta \u00abtransici\u00f3n\u00bb socioecon\u00f3mica que llev\u00f3 a un nuevo modo de vida basado en la producci\u00f3n de alimentos mediante pr\u00e1cticas agro-pastoriles, asociadas al surgimiento del complejo aldeano de Puesto Viejo. <br \/><br \/>Las evidencias con que contamos hasta el presente nos permiten visualizar un alto potencial arqueol\u00f3gico para nuestra \u00e1rea de estudio, por lo cual consideramos que la puesta en marcha de este proyecto redundar\u00e1 en un sustancial avance dentro de la problem\u00e1tica del mismo.<\/p>\t\t\t\t\t\t\t\t<\/div>\n\t\t\t\t<\/div>\n\t\t\t\t\t<\/div>\n\t\t<\/div>\n\t\t\t\t\t<\/div>\n\t\t<\/section>\n\t\t\t\t<section class=\"elementor-section elementor-top-section elementor-element elementor-element-5e6dbf4 elementor-section-boxed elementor-section-height-default elementor-section-height-default\" data-id=\"5e6dbf4\" data-element_type=\"section\" data-e-type=\"section\" data-settings=\"{&quot;background_background&quot;:&quot;classic&quot;}\">\n\t\t\t\t\t\t<div class=\"elementor-container elementor-column-gap-default\">\n\t\t\t\t\t<div class=\"elementor-column elementor-col-100 elementor-top-column elementor-element elementor-element-9fea490\" data-id=\"9fea490\" data-element_type=\"column\" data-e-type=\"column\">\n\t\t\t<div class=\"elementor-widget-wrap elementor-element-populated\">\n\t\t\t\t\t\t<div class=\"elementor-element elementor-element-86a9be8 elementor-widget-divider--view-line elementor-widget elementor-widget-divider\" data-id=\"86a9be8\" data-element_type=\"widget\" data-e-type=\"widget\" data-widget_type=\"divider.default\">\n\t\t\t\t<div class=\"elementor-widget-container\">\n\t\t\t\t\t\t\t<div class=\"elementor-divider\">\n\t\t\t<span class=\"elementor-divider-separator\">\n\t\t\t\t\t\t<\/span>\n\t\t<\/div>\n\t\t\t\t\t\t<\/div>\n\t\t\t\t<\/div>\n\t\t\t\t\t<\/div>\n\t\t<\/div>\n\t\t\t\t\t<\/div>\n\t\t<\/section>\n\t\t\t\t<section class=\"elementor-section elementor-top-section elementor-element elementor-element-2fe2474 elementor-section-boxed elementor-section-height-default elementor-section-height-default\" data-id=\"2fe2474\" data-element_type=\"section\" data-e-type=\"section\" data-settings=\"{&quot;background_background&quot;:&quot;classic&quot;}\">\n\t\t\t\t\t\t<div class=\"elementor-container elementor-column-gap-default\">\n\t\t\t\t\t<div class=\"elementor-column elementor-col-100 elementor-top-column elementor-element elementor-element-75d221e\" data-id=\"75d221e\" data-element_type=\"column\" data-e-type=\"column\">\n\t\t\t<div class=\"elementor-widget-wrap elementor-element-populated\">\n\t\t\t\t\t\t<div class=\"elementor-element elementor-element-ba03b1c elementor-widget elementor-widget-text-editor\" data-id=\"ba03b1c\" data-element_type=\"widget\" data-e-type=\"widget\" data-widget_type=\"text-editor.default\">\n\t\t\t\t<div class=\"elementor-widget-container\">\n\t\t\t\t\t\t\t\t\t<p><strong>PIP-CONICET 0434 &#8211;<\/strong> Financiado por el Consejo Nacional de Investigaciones Cient\u00edficas y T\u00e9cnicas (CONICET). Per\u00edodo 2018-2021.<br \/><strong>T\u00cdTULO:<\/strong> Sociedades aldeanas tempranas del noroeste argentino. Estudio comparativo entre dos microrregiones de la provincia de Tucum\u00e1n: Quebrada de Los Corrales y Cuenca de Anfama.<\/p><p><strong>INVESTIGADORES RESPONSABLES:<\/strong> Dra. Nurit Oliszewski \u2013 Dr. Juli\u00e1n Salazar<\/p><p><strong>S\u00edntesis<\/strong><br \/>El proyecto intenta reflexionar acerca de la din\u00e1mica de los asentamientos aldeanos del sur de las Cumbres Calchaqu\u00edes y el norte del Sistema del Aconquija durante el primer milenio de la Era. Los mismos se constituyeron a trav\u00e9s de la agregaci\u00f3n de unidades residenciales cuyo dise\u00f1o se extiende por el valle de Taf\u00ed, el valle de La Ci\u00e9nega, la cuenca de Anfama y la Quebrada de Los Corrales y que fue denominado \u201cpatr\u00f3n Taf\u00ed\u201d por haber sido definido inicialmente en ese valle. Si bien el dise\u00f1o fue semejante, las evidencias denotan una variabilidad tanto al interior del mismo como en su articulaci\u00f3n espacial en la configuraci\u00f3n de asentamientos mayores que es interesante conocer para establecer otro tipo de variaciones (i.e. funcionales, performativas, sociales). A la vez que se intenta definir las particularidades de cada uno de estos grupos, tambi\u00e9n se busca explorar la existencia de v\u00ednculos sociales y de complementariedad que puedan haber superado a la organizaci\u00f3n dom\u00e9stica y comunitaria. Para llevar a cabo el objetivo propuesto se plantea un enfoque comparativo entre dos microrregiones ambientalmente contrastantes: Quebrada de Los Corrales a 3000 msnm en un entorno de arbustal\/pastizal seco y Cuenca de Anfama a 2400 msnm en un entorno de bosque montano, lo cual se complementar\u00e1 con informaci\u00f3n generada en las \u00e1reas aleda\u00f1as de La Ci\u00e9nega y el Valle de Taf\u00ed.<\/p>\t\t\t\t\t\t\t\t<\/div>\n\t\t\t\t<\/div>\n\t\t\t\t\t<\/div>\n\t\t<\/div>\n\t\t\t\t\t<\/div>\n\t\t<\/section>\n\t\t\t\t<section class=\"elementor-section elementor-top-section elementor-element elementor-element-30ffc67 elementor-section-boxed elementor-section-height-default elementor-section-height-default\" data-id=\"30ffc67\" data-element_type=\"section\" data-e-type=\"section\" data-settings=\"{&quot;background_background&quot;:&quot;classic&quot;}\">\n\t\t\t\t\t\t<div class=\"elementor-container elementor-column-gap-default\">\n\t\t\t\t\t<div class=\"elementor-column elementor-col-100 elementor-top-column elementor-element elementor-element-dc74fdc\" data-id=\"dc74fdc\" data-element_type=\"column\" data-e-type=\"column\">\n\t\t\t<div class=\"elementor-widget-wrap elementor-element-populated\">\n\t\t\t\t\t\t<div class=\"elementor-element elementor-element-237b4c0 elementor-widget-divider--view-line elementor-widget elementor-widget-divider\" data-id=\"237b4c0\" data-element_type=\"widget\" data-e-type=\"widget\" data-widget_type=\"divider.default\">\n\t\t\t\t<div class=\"elementor-widget-container\">\n\t\t\t\t\t\t\t<div class=\"elementor-divider\">\n\t\t\t<span class=\"elementor-divider-separator\">\n\t\t\t\t\t\t<\/span>\n\t\t<\/div>\n\t\t\t\t\t\t<\/div>\n\t\t\t\t<\/div>\n\t\t\t\t\t<\/div>\n\t\t<\/div>\n\t\t\t\t\t<\/div>\n\t\t<\/section>\n\t\t\t\t<section class=\"elementor-section elementor-top-section elementor-element elementor-element-41b2b95 elementor-section-boxed elementor-section-height-default elementor-section-height-default\" data-id=\"41b2b95\" data-element_type=\"section\" data-e-type=\"section\" data-settings=\"{&quot;background_background&quot;:&quot;classic&quot;}\">\n\t\t\t\t\t\t<div class=\"elementor-container elementor-column-gap-default\">\n\t\t\t\t\t<div class=\"elementor-column elementor-col-100 elementor-top-column elementor-element elementor-element-64cf25f\" data-id=\"64cf25f\" data-element_type=\"column\" data-e-type=\"column\">\n\t\t\t<div class=\"elementor-widget-wrap elementor-element-populated\">\n\t\t\t\t\t\t<div class=\"elementor-element elementor-element-0d8ef25 elementor-widget elementor-widget-text-editor\" data-id=\"0d8ef25\" data-element_type=\"widget\" data-e-type=\"widget\" data-widget_type=\"text-editor.default\">\n\t\t\t\t<div class=\"elementor-widget-container\">\n\t\t\t\t\t\t\t\t\t<p><strong>Proyecto PIUNT G624<\/strong> &#8211; Financiado por la Secretar\u00eda de Ciencia, Arte e Innovaci\u00f3n Tecnol\u00f3gica (SCAIT-UNT). Per\u00edodo 2020-2022.<\/p><p><strong>T\u00cdTULO<\/strong>: <em>Variaciones socio-tecnol\u00f3gicas durante la transici\u00f3n de grupos cazadores-recolectores a sociedades agro-pastoriles en la Quebrada de Los Corrales (El Infiernillo, Tucum\u00e1n): ca.4000-1500 a\u00f1os AP<\/em><em><br \/><\/em><\/p><p><strong>INVESTIGADOR RESPONSABLE<\/strong>: Dr. Jorge Gabriel Mart\u00ednez<\/p><p><strong>S\u00edntesis<\/strong> <strong><br \/><\/strong>La Quebrada de Los Corrales (El Infiernillo, Tucum\u00e1n) se ubica por encima de los 3.000 msnm en el sector norte del Sistema de las Sierras del Aconquija. Los trabajos de investigaci\u00f3n desarrollados desde 2005 hasta el momento permitieron identificar diversos tipos de evidencias arqueol\u00f3gicas correspondientes a distintos momentos de ocupaciones humanas que se inician en el Holoceno medio (ca. 7.800-600 a\u00f1os AP).<\/p><p>Esta larga secuencia ocupacional convierte a esta microrregi\u00f3n \u2013como pocas en el NOA- en un muy buen punto de partida para abordar y explicar los procesos sociales y tecnol\u00f3gicos de cambio ocurridos desde una matriz cazadora-recolectora hasta el establecimiento de una extensa aldea agro-pastoril (Puesto Viejo) durante el primer milenio de la Era Cristiana. \u00c9ste es nuestro objetivo, para el cual proponemos profundizar los an\u00e1lisis sobre una serie de l\u00edneas de evidencia correspondientes al per\u00edodo de \u201ctransici\u00f3n\u201d entre un modo de vida cazador-recolector a otro basado en la producci\u00f3n agro-pastoril ocurrido -a escala macrorregional- entre ca. 4.000 y 2.000 a\u00f1os AP.<\/p><p>Esto se combina integralmente con la evaluaci\u00f3n de las implicancias sociales en este contexto de cambio, la variabilidad en el uso del espacio, aparici\u00f3n de nuevas tecnolog\u00edas y de los recursos naturales para ambos modelos dentro del \u00e1rea de estudio, considerando como hip\u00f3tesis que dicho cambio ocurre como parte de un proceso continuo de car\u00e1cter local.<\/p>\t\t\t\t\t\t\t\t<\/div>\n\t\t\t\t<\/div>\n\t\t\t\t\t<\/div>\n\t\t<\/div>\n\t\t\t\t\t<\/div>\n\t\t<\/section>\n\t\t\t\t<section class=\"elementor-section elementor-top-section elementor-element elementor-element-e30267a elementor-section-boxed elementor-section-height-default elementor-section-height-default\" data-id=\"e30267a\" data-element_type=\"section\" data-e-type=\"section\" data-settings=\"{&quot;background_background&quot;:&quot;classic&quot;}\">\n\t\t\t\t\t\t<div class=\"elementor-container elementor-column-gap-default\">\n\t\t\t\t\t<div class=\"elementor-column elementor-col-100 elementor-top-column elementor-element elementor-element-da3a5ec\" data-id=\"da3a5ec\" data-element_type=\"column\" data-e-type=\"column\">\n\t\t\t<div class=\"elementor-widget-wrap elementor-element-populated\">\n\t\t\t\t\t\t<div class=\"elementor-element elementor-element-7d3a61e elementor-widget-divider--view-line elementor-widget elementor-widget-divider\" data-id=\"7d3a61e\" data-element_type=\"widget\" data-e-type=\"widget\" data-widget_type=\"divider.default\">\n\t\t\t\t<div class=\"elementor-widget-container\">\n\t\t\t\t\t\t\t<div class=\"elementor-divider\">\n\t\t\t<span class=\"elementor-divider-separator\">\n\t\t\t\t\t\t<\/span>\n\t\t<\/div>\n\t\t\t\t\t\t<\/div>\n\t\t\t\t<\/div>\n\t\t\t\t\t<\/div>\n\t\t<\/div>\n\t\t\t\t\t<\/div>\n\t\t<\/section>\n\t\t\t\t<section class=\"elementor-section elementor-top-section elementor-element elementor-element-7d42ea8 elementor-section-boxed elementor-section-height-default elementor-section-height-default\" data-id=\"7d42ea8\" data-element_type=\"section\" data-e-type=\"section\" data-settings=\"{&quot;background_background&quot;:&quot;classic&quot;}\">\n\t\t\t\t\t\t<div class=\"elementor-container elementor-column-gap-default\">\n\t\t\t\t\t<div class=\"elementor-column elementor-col-100 elementor-top-column elementor-element elementor-element-9c5a867\" data-id=\"9c5a867\" data-element_type=\"column\" data-e-type=\"column\">\n\t\t\t<div class=\"elementor-widget-wrap elementor-element-populated\">\n\t\t\t\t\t\t<div class=\"elementor-element elementor-element-74c7f72 elementor-widget elementor-widget-text-editor\" data-id=\"74c7f72\" data-element_type=\"widget\" data-e-type=\"widget\" data-widget_type=\"text-editor.default\">\n\t\t\t\t<div class=\"elementor-widget-container\">\n\t\t\t\t\t\t\t\t\t<p><strong>PIP-CONICET 0222<\/strong> &#8211; Financiado por el Consejo Nacional de Investigaciones Cient\u00edficas y T\u00e9cnicas (CONICET). Per\u00edodo 2016-2021.<\/p><p><strong>T\u00cdTULO<\/strong>: <em>Ocupaciones humanas prehisp\u00e1nicas de larga duraci\u00f3n en la Quebrada de Los Corrales (El Infiernillo, Tucum\u00e1n) y su relaci\u00f3n con contextos de la Puna meridional argentina (ca.7500-1500 AP)<br \/><br \/><\/em><strong>INVESTIGADORES RESPONSABLES<\/strong>: Dr. Jorge Gabriel Mart\u00ednez \u2013 Dra. Cecilia Mercuri<\/p><p><strong>S\u00edntesis<\/strong><\/p><p>En base a recientes hallazgos que confirman la presencia de ocupaciones humanas durante el Holoceno medio en la Quebrada de Los Corrales (El Infiernillo, Tucum\u00e1n), este proyecto tiene como objetivo principal profundizar en el conocimiento y variabilidad de las estrategias de subsistencia, movilidad y uso del espacio dentro del lapso ca.7500-1500 AP, es decir desde sociedades netamente cazadoras-recolectoras hasta el establecimiento de ocupaciones aldeanas durante el Holoceno tard\u00edo.<\/p><p>Se propone abordar la <em>evoluci\u00f3n <\/em>de la tecnolog\u00eda l\u00edtica en esta \u00e1rea dentro de una cuenta de larga duraci\u00f3n, y de un modo integrado se plantea comparar los contextos de la Quebrada de los Corrales (QDLC) con sitios sincr\u00f3nicos de la Puna meridional<br \/>argentina (Antofagasta de la Sierra; abrev. ANS) e iniciar prospecciones sistem\u00e1ticas en Cerro Negro (centro-oeste de la provincia de Salta), un \u00e1rea ecotonal entre Puna y valles orientales en una situaci\u00f3n biogeogr\u00e1fica comparable a la de la QDLC. Este proyecto tiene otros intereses a destacar.<\/p><p>Por una parte, se orienta a definir la profundidad temporal de las ocupaciones humanas en la QDLC, una de las pocas \u00e1reas en el NOA situadas fuera de la Puna donde fueron registradas evidencias arqueol\u00f3gicas asignables al Holoceno medio inicial (ca.7420 AP). Se trata de un sector monta\u00f1oso ubicado a <em>ca<\/em>.3100 msnm en el oeste de la provincia de Tucum\u00e1n, donde fue detectado Taller Puesto Viejo 1 (TPV1), un sitio a cielo abierto que cuenta con una secuencia estratigr\u00e1fica conformada por tres capas a partir de las cuales se obtuvieron tres dataciones que abarcan desde ca.7420 a 1750 a\u00f1os AP (Mart\u00ednez et al. 2013). Hacia el final de esta secuencia temporal contamos para la QDLC con un gran <em>corpus <\/em>de informaci\u00f3n que remite a ocupaciones agro-pastoriles, las cuales se restringen al lapso <em>ca<\/em>.2100-1500 AP. En la cuenca superior de esta quebrada de altura fue registrado un n\u00facleo aldeano conformado por un n\u00famero m\u00ednimo de ochenta y cinco unidades habitacionales asignables al denominado \u201cPatr\u00f3n Taf\u00ed\u201d y numerosas estructuras de producci\u00f3n agr\u00edcola (andenes) y pastoril (corrales) que cubren un \u00e1rea aproximada de 500 hect\u00e1reas (Di Lullo 2010; Oliszewski et al 2013).<\/p><p>Como hilo conductor entre estos dos modelos paleo-econ\u00f3micos, proponemos evaluar la variabilidad y el cambio en las estrategias de la tecnolog\u00eda l\u00edtica dentro de la QDLC y Cerro Negro, y su interrelaci\u00f3n con contextos\/grupos pune\u00f1os. La presencia de artefactos hechos con obsidianas pune\u00f1as (Ona-Las Cuevas y Lag. Cavi) en la QDLC, as\u00ed como numerosos recursos bi\u00f3ticos de yungas y valles registrados en sitios de del Holoceno medio en ANS (Pe\u00f1as de la Cruz 1, Pe\u00f1as de las Trampas 1.1, Quebrada Seca 3 y Cueva Salamanca 1), dan cuenta de indiscutibles \u201cv\u00ednculos\u201d entre los grupos o redes sociales tempranas de interacci\u00f3n de eco-regiones distantes y diferenciadas.<\/p>\t\t\t\t\t\t\t\t<\/div>\n\t\t\t\t<\/div>\n\t\t\t\t\t<\/div>\n\t\t<\/div>\n\t\t\t\t\t<\/div>\n\t\t<\/section>\n\t\t\t\t<\/div>\n\t\t","protected":false},"excerpt":{"rendered":"<p>PROYECTOS DE INVESTIGACI\u00d3N (en curso) PICT 2018-03150 &#8211; Financiado por la Agencia Nacional de Promoci\u00f3n Cient\u00edfica y Tecnol\u00f3gica (ANPCyT). Per\u00edodo 2020-2022.T\u00cdTULO: Secuencia Cultural Prehisp\u00e1nica durante el Holoceno en el Centro-Oeste de Tucum\u00e1n: El Caso de la Quebrada de Los Corrales-El Infiernillo INVESTIGADOR RESPONSABLE: Dr. Jorge Gabriel Mart\u00ednez S\u00edntesis Con este proyecto buscamos seguir avanzando en [&hellip;]<\/p>\n","protected":false},"author":2,"featured_media":0,"parent":0,"menu_order":0,"comment_status":"closed","ping_status":"closed","template":"","meta":{"site-sidebar-layout":"no-sidebar","site-content-layout":"page-builder","ast-site-content-layout":"default","site-content-style":"default","site-sidebar-style":"default","ast-global-header-display":"","ast-banner-title-visibility":"","ast-main-header-display":"","ast-hfb-above-header-display":"","ast-hfb-below-header-display":"","ast-hfb-mobile-header-display":"","site-post-title":"disabled","ast-breadcrumbs-content":"","ast-featured-img":"disabled","footer-sml-layout":"","ast-disable-related-posts":"","theme-transparent-header-meta":"default","adv-header-id-meta":"","stick-header-meta":"","header-above-stick-meta":"","header-main-stick-meta":"","header-below-stick-meta":"","astra-migrate-meta-layouts":"default","ast-page-background-enabled":"default","ast-page-background-meta":{"desktop":{"background-color":"var(--ast-global-color-4)","background-image":"","background-repeat":"repeat","background-position":"center center","background-size":"auto","background-attachment":"scroll","background-type":"","background-media":"","overlay-type":"","overlay-color":"","overlay-opacity":"","overlay-gradient":""},"tablet":{"background-color":"","background-image":"","background-repeat":"repeat","background-position":"center center","background-size":"auto","background-attachment":"scroll","background-type":"","background-media":"","overlay-type":"","overlay-color":"","overlay-opacity":"","overlay-gradient":""},"mobile":{"background-color":"","background-image":"","background-repeat":"repeat","background-position":"center center","background-size":"auto","background-attachment":"scroll","background-type":"","background-media":"","overlay-type":"","overlay-color":"","overlay-opacity":"","overlay-gradient":""}},"ast-content-background-meta":{"desktop":{"background-color":"var(--ast-global-color-5)","background-image":"","background-repeat":"repeat","background-position":"center center","background-size":"auto","background-attachment":"scroll","background-type":"","background-media":"","overlay-type":"","overlay-color":"","overlay-opacity":"","overlay-gradient":""},"tablet":{"background-color":"var(--ast-global-color-5)","background-image":"","background-repeat":"repeat","background-position":"center center","background-size":"auto","background-attachment":"scroll","background-type":"","background-media":"","overlay-type":"","overlay-color":"","overlay-opacity":"","overlay-gradient":""},"mobile":{"background-color":"var(--ast-global-color-5)","background-image":"","background-repeat":"repeat","background-position":"center center","background-size":"auto","background-attachment":"scroll","background-type":"","background-media":"","overlay-type":"","overlay-color":"","overlay-opacity":"","overlay-gradient":""}},"footnotes":""},"class_list":["post-60","page","type-page","status-publish","hentry"],"_links":{"self":[{"href":"https:\/\/arqueoinfiernillo.org\/sitioweb\/wp-json\/wp\/v2\/pages\/60","targetHints":{"allow":["GET"]}}],"collection":[{"href":"https:\/\/arqueoinfiernillo.org\/sitioweb\/wp-json\/wp\/v2\/pages"}],"about":[{"href":"https:\/\/arqueoinfiernillo.org\/sitioweb\/wp-json\/wp\/v2\/types\/page"}],"author":[{"embeddable":true,"href":"https:\/\/arqueoinfiernillo.org\/sitioweb\/wp-json\/wp\/v2\/users\/2"}],"replies":[{"embeddable":true,"href":"https:\/\/arqueoinfiernillo.org\/sitioweb\/wp-json\/wp\/v2\/comments?post=60"}],"version-history":[{"count":26,"href":"https:\/\/arqueoinfiernillo.org\/sitioweb\/wp-json\/wp\/v2\/pages\/60\/revisions"}],"predecessor-version":[{"id":438,"href":"https:\/\/arqueoinfiernillo.org\/sitioweb\/wp-json\/wp\/v2\/pages\/60\/revisions\/438"}],"wp:attachment":[{"href":"https:\/\/arqueoinfiernillo.org\/sitioweb\/wp-json\/wp\/v2\/media?parent=60"}],"curies":[{"name":"wp","href":"https:\/\/api.w.org\/{rel}","templated":true}]}}