{"id":563,"date":"2021-11-17T13:34:11","date_gmt":"2021-11-17T13:34:11","guid":{"rendered":"https:\/\/arqueoinfiernillo.org\/sitioweb\/?page_id=563"},"modified":"2021-11-17T13:35:47","modified_gmt":"2021-11-17T13:35:47","slug":"tesis","status":"publish","type":"page","link":"https:\/\/arqueoinfiernillo.org\/sitioweb\/tesis\/","title":{"rendered":"Tesis"},"content":{"rendered":"\t\t<div data-elementor-type=\"wp-page\" data-elementor-id=\"563\" class=\"elementor elementor-563\">\n\t\t\t\t\t\t<section class=\"elementor-section elementor-top-section elementor-element elementor-element-31558e4a elementor-section-boxed elementor-section-height-default elementor-section-height-default\" data-id=\"31558e4a\" data-element_type=\"section\" data-e-type=\"section\" data-settings=\"{&quot;background_background&quot;:&quot;classic&quot;}\">\n\t\t\t\t\t\t\t<div class=\"elementor-background-overlay\"><\/div>\n\t\t\t\t\t\t\t<div class=\"elementor-container elementor-column-gap-default\">\n\t\t\t\t\t<div class=\"elementor-column elementor-col-100 elementor-top-column elementor-element elementor-element-490ede6\" data-id=\"490ede6\" data-element_type=\"column\" data-e-type=\"column\">\n\t\t\t<div class=\"elementor-widget-wrap elementor-element-populated\">\n\t\t\t\t\t\t<div class=\"elementor-element elementor-element-7a78f7ee elementor-invisible elementor-widget elementor-widget-heading\" data-id=\"7a78f7ee\" data-element_type=\"widget\" data-e-type=\"widget\" data-settings=\"{&quot;_animation&quot;:&quot;bounceInRight&quot;}\" data-widget_type=\"heading.default\">\n\t\t\t\t<div class=\"elementor-widget-container\">\n\t\t\t\t\t<h2 class=\"elementor-heading-title elementor-size-default\">Tesis de Grado finalizadas<\/h2>\t\t\t\t<\/div>\n\t\t\t\t<\/div>\n\t\t\t\t<div class=\"elementor-element elementor-element-7110b9c8 animated-slow elementor-invisible elementor-widget elementor-widget-text-editor\" data-id=\"7110b9c8\" data-element_type=\"widget\" data-e-type=\"widget\" data-settings=\"{&quot;_animation&quot;:&quot;fadeIn&quot;,&quot;_animation_delay&quot;:1500}\" data-widget_type=\"text-editor.default\">\n\t\t\t\t<div class=\"elementor-widget-container\">\n\t\t\t\t\t\t\t\t\t<p><strong>2010. Di Lullo, Eugenia:<\/strong> \u00abEl espacio residencial durante del 1er Milenio d.C. en la Quebrada de Los Corrales (El Infiernillo, Tucum\u00e1n)\u00bb. Tesis de Grado para optar por el t\u00edtulo de Arque\u00f3loga de la Facultad de Ciencias Naturales e IML. UNT. Directora: Nurit Oliszewski.<\/p><p><strong>2011. Gramajo B\u00fchler, Mat\u00edas:<\/strong> \u201cUtilizaci\u00f3n de recursos vegetales en Cueva de Los Corrales 1 (El Infiernillo, Tucum\u00e1n). An\u00e1lisis de macrorrestos provenientes de morteros\u201d. Tesis de Grado para optar por el t\u00edtulo de Arque\u00f3logo de la Facultad de Ciencias Naturales e IML. UNT. Directora: Nurit Oliszewski.<\/p><p><strong>2012. Muntaner, Ana Celina:<\/strong> \u201cVida y muerte en Puesto Viejo. Estudio de un entierro humano del 1\u00b0 milenio de la Era en la Quebrada de Los Corrales. El Infiernillo, Tucum\u00e1n\u201d. Tesis de Grado para optar por el t\u00edtulo de Arque\u00f3loga de la Facultad de Ciencias Naturales e IML. UNT. Directora: Nurit Oliszewski; Co-Director: Leandro Luna.<\/p><p><strong>2013. Cruz, Hern\u00e1n:<\/strong> \u201cPr\u00e1cticas y relaciones sociales en contextos de canteras de la<br \/>Quebrada de los Corrales entre el ca. 2000-1000 AP (El Infiernillo, Tucum\u00e1n)\u201d. Tesis de Grado para optar por el t\u00edtulo de Arque\u00f3logo de la Facultad de Ciencias Naturales e IML. UNT. Director: Jorge G. Mart\u00ednez; Co-Director. F\u00e9lix A. Acuto.<\/p><p><strong>2016. Arreguez, Guillermo A.:<\/strong> \u201cVegetales alimenticios en un sitio arqueol\u00f3gico de altura: el caso de Cueva de Los Corrales 1 (Quebrada de Los Corrales, El Infiernillo, Tucum\u00e1n)\u201d. Tesis de Grado para optar por el t\u00edtulo de Arque\u00f3logo de la Facultad de Ciencias Naturales e IML. UNT. Directora: Nurit Oliszewski; Co-Directora: Graciela Ponessa.<br \/><br \/><strong>2019. Sastre Illescas, Agust\u00edn:<\/strong> \u201cLugares habitados y espacios productivos en un sector de la Quebrada de Los Corrales (El Infiernillo-Tucum\u00e1n)\u201d. Tesis de Grado para optar por el t\u00edtulo de Arque\u00f3logo de la Facultad de Ciencias Naturales e IML. UNT. Director: Mario A. Caria.<br \/><br \/><strong>2019. Naharro, Mar\u00eda Eugenia:<\/strong> \u201cOsteobiograf\u00eda y pr\u00e1cticas mortuorias prehisp\u00e1nicas en El Infiernillo (Tucum\u00e1n)\u201d. Tesis de Grado para optar por el t\u00edtulo de Arque\u00f3loga de la Facultad de Ciencias Naturales e IML. UNT. Director: Jorge G. Mart\u00ednez; Co-Director: Leandro Luna.<\/p>\t\t\t\t\t\t\t\t<\/div>\n\t\t\t\t<\/div>\n\t\t\t\t\t<\/div>\n\t\t<\/div>\n\t\t\t\t\t<\/div>\n\t\t<\/section>\n\t\t\t\t<\/div>\n\t\t","protected":false},"excerpt":{"rendered":"<p>Tesis de Grado finalizadas 2010. Di Lullo, Eugenia: \u00abEl espacio residencial durante del 1er Milenio d.C. en la Quebrada de Los Corrales (El Infiernillo, Tucum\u00e1n)\u00bb. Tesis de Grado para optar por el t\u00edtulo de Arque\u00f3loga de la Facultad de Ciencias Naturales e IML. UNT. Directora: Nurit Oliszewski. 2011. Gramajo B\u00fchler, Mat\u00edas: \u201cUtilizaci\u00f3n de recursos vegetales [&hellip;]<\/p>\n","protected":false},"author":2,"featured_media":0,"parent":0,"menu_order":0,"comment_status":"closed","ping_status":"closed","template":"","meta":{"site-sidebar-layout":"no-sidebar","site-content-layout":"page-builder","ast-site-content-layout":"default","site-content-style":"default","site-sidebar-style":"default","ast-global-header-display":"","ast-banner-title-visibility":"","ast-main-header-display":"","ast-hfb-above-header-display":"","ast-hfb-below-header-display":"","ast-hfb-mobile-header-display":"","site-post-title":"disabled","ast-breadcrumbs-content":"","ast-featured-img":"disabled","footer-sml-layout":"","ast-disable-related-posts":"","theme-transparent-header-meta":"default","adv-header-id-meta":"","stick-header-meta":"","header-above-stick-meta":"","header-main-stick-meta":"","header-below-stick-meta":"","astra-migrate-meta-layouts":"default","ast-page-background-enabled":"default","ast-page-background-meta":{"desktop":{"background-color":"var(--ast-global-color-4)","background-image":"","background-repeat":"repeat","background-position":"center center","background-size":"auto","background-attachment":"scroll","background-type":"","background-media":"","overlay-type":"","overlay-color":"","overlay-opacity":"","overlay-gradient":""},"tablet":{"background-color":"","background-image":"","background-repeat":"repeat","background-position":"center center","background-size":"auto","background-attachment":"scroll","background-type":"","background-media":"","overlay-type":"","overlay-color":"","overlay-opacity":"","overlay-gradient":""},"mobile":{"background-color":"","background-image":"","background-repeat":"repeat","background-position":"center center","background-size":"auto","background-attachment":"scroll","background-type":"","background-media":"","overlay-type":"","overlay-color":"","overlay-opacity":"","overlay-gradient":""}},"ast-content-background-meta":{"desktop":{"background-color":"var(--ast-global-color-5)","background-image":"","background-repeat":"repeat","background-position":"center center","background-size":"auto","background-attachment":"scroll","background-type":"","background-media":"","overlay-type":"","overlay-color":"","overlay-opacity":"","overlay-gradient":""},"tablet":{"background-color":"var(--ast-global-color-5)","background-image":"","background-repeat":"repeat","background-position":"center center","background-size":"auto","background-attachment":"scroll","background-type":"","background-media":"","overlay-type":"","overlay-color":"","overlay-opacity":"","overlay-gradient":""},"mobile":{"background-color":"var(--ast-global-color-5)","background-image":"","background-repeat":"repeat","background-position":"center center","background-size":"auto","background-attachment":"scroll","background-type":"","background-media":"","overlay-type":"","overlay-color":"","overlay-opacity":"","overlay-gradient":""}},"footnotes":""},"class_list":["post-563","page","type-page","status-publish","hentry"],"_links":{"self":[{"href":"https:\/\/arqueoinfiernillo.org\/sitioweb\/wp-json\/wp\/v2\/pages\/563","targetHints":{"allow":["GET"]}}],"collection":[{"href":"https:\/\/arqueoinfiernillo.org\/sitioweb\/wp-json\/wp\/v2\/pages"}],"about":[{"href":"https:\/\/arqueoinfiernillo.org\/sitioweb\/wp-json\/wp\/v2\/types\/page"}],"author":[{"embeddable":true,"href":"https:\/\/arqueoinfiernillo.org\/sitioweb\/wp-json\/wp\/v2\/users\/2"}],"replies":[{"embeddable":true,"href":"https:\/\/arqueoinfiernillo.org\/sitioweb\/wp-json\/wp\/v2\/comments?post=563"}],"version-history":[{"count":7,"href":"https:\/\/arqueoinfiernillo.org\/sitioweb\/wp-json\/wp\/v2\/pages\/563\/revisions"}],"predecessor-version":[{"id":570,"href":"https:\/\/arqueoinfiernillo.org\/sitioweb\/wp-json\/wp\/v2\/pages\/563\/revisions\/570"}],"wp:attachment":[{"href":"https:\/\/arqueoinfiernillo.org\/sitioweb\/wp-json\/wp\/v2\/media?parent=563"}],"curies":[{"name":"wp","href":"https:\/\/api.w.org\/{rel}","templated":true}]}}