{"id":411,"date":"2021-07-08T18:51:05","date_gmt":"2021-07-08T18:51:05","guid":{"rendered":"https:\/\/arqueoinfiernillo.org\/sitioweb\/?page_id=411"},"modified":"2021-07-08T18:52:45","modified_gmt":"2021-07-08T18:52:45","slug":"proyectos-anteriores","status":"publish","type":"page","link":"https:\/\/arqueoinfiernillo.org\/sitioweb\/proyectos-anteriores\/","title":{"rendered":"Proyectos Anteriores"},"content":{"rendered":"\t\t<div data-elementor-type=\"wp-page\" data-elementor-id=\"411\" class=\"elementor elementor-411\">\n\t\t\t\t\t\t<section class=\"elementor-section elementor-top-section elementor-element elementor-element-5a609d90 elementor-section-boxed elementor-section-height-default elementor-section-height-default\" data-id=\"5a609d90\" data-element_type=\"section\" data-e-type=\"section\">\n\t\t\t\t\t\t<div class=\"elementor-container elementor-column-gap-default\">\n\t\t\t\t\t<div class=\"elementor-column elementor-col-100 elementor-top-column elementor-element elementor-element-382e5451\" data-id=\"382e5451\" data-element_type=\"column\" data-e-type=\"column\">\n\t\t\t<div class=\"elementor-widget-wrap elementor-element-populated\">\n\t\t\t\t\t\t<div class=\"elementor-element elementor-element-4b656197 elementor-widget elementor-widget-heading\" data-id=\"4b656197\" data-element_type=\"widget\" data-e-type=\"widget\" data-widget_type=\"heading.default\">\n\t\t\t\t<div class=\"elementor-widget-container\">\n\t\t\t\t\t<h2 class=\"elementor-heading-title elementor-size-default\">PROYECTOS DE INVESTIGACI\u00d3N (finalizados recientemente)<\/h2>\t\t\t\t<\/div>\n\t\t\t\t<\/div>\n\t\t\t\t\t<\/div>\n\t\t<\/div>\n\t\t\t\t\t<\/div>\n\t\t<\/section>\n\t\t\t\t<section class=\"elementor-section elementor-top-section elementor-element elementor-element-ed798bd elementor-section-boxed elementor-section-height-default elementor-section-height-default\" data-id=\"ed798bd\" data-element_type=\"section\" data-e-type=\"section\">\n\t\t\t\t\t\t<div class=\"elementor-container elementor-column-gap-default\">\n\t\t\t\t\t<div class=\"elementor-column elementor-col-100 elementor-top-column elementor-element elementor-element-48be2f23\" data-id=\"48be2f23\" data-element_type=\"column\" data-e-type=\"column\">\n\t\t\t<div class=\"elementor-widget-wrap elementor-element-populated\">\n\t\t\t\t\t\t<div class=\"elementor-element elementor-element-4f6d506b elementor-widget elementor-widget-text-editor\" data-id=\"4f6d506b\" data-element_type=\"widget\" data-e-type=\"widget\" data-widget_type=\"text-editor.default\">\n\t\t\t\t<div class=\"elementor-widget-container\">\n\t\t\t\t\t\t\t\t\t<p><strong>&#8211; Proyecto PIUNT G521<\/strong> \u201c<em>Arqueolog\u00eda de la Quebrada de Los Corrales (El Infiernillo, Tucum\u00e1n). Historia de las ocupaciones desde el Holoceno medio al tard\u00edo y sus implicancias sociales y econ\u00f3micas<\/em>\u201d. Directora: Nurit Oliszewski. Financiado por SCAIT-UNT. Per\u00edodo 2014-2018.<\/p><p><strong>&#8211; PICT 2013-1700<\/strong> \u201c<em>Sociedades cazadoras-recolectoras tempranas en Tucum\u00e1n: una historia de m\u00e1s de 8000 a\u00f1os<\/em>\u201d. Director: Dr. Jorge G. Mart\u00ednez. Financiado por la Agencia Nacional de Promoci\u00f3n Cient\u00edfica y Tecnol\u00f3gica (ANPCyT). Per\u00edodo 2014-2018.<\/p><p><strong>&#8211; GRANT #9581-14<\/strong> \u201c<em>The earliest hunter-gatherers groups in the valleys of NW Argentina: a history of more than 7000 years<\/em>\u201d. Director: Dr. Jorge G. Mart\u00ednez. Financiado por National Geographic Society&#8217;s Committee for Research and Exploration (USA). Per\u00edodo 2015-2016.<\/p>\t\t\t\t\t\t\t\t<\/div>\n\t\t\t\t<\/div>\n\t\t\t\t\t<\/div>\n\t\t<\/div>\n\t\t\t\t\t<\/div>\n\t\t<\/section>\n\t\t\t\t<\/div>\n\t\t","protected":false},"excerpt":{"rendered":"<p>PROYECTOS DE INVESTIGACI\u00d3N (finalizados recientemente) &#8211; Proyecto PIUNT G521 \u201cArqueolog\u00eda de la Quebrada de Los Corrales (El Infiernillo, Tucum\u00e1n). Historia de las ocupaciones desde el Holoceno medio al tard\u00edo y sus implicancias sociales y econ\u00f3micas\u201d. Directora: Nurit Oliszewski. Financiado por SCAIT-UNT. Per\u00edodo 2014-2018. &#8211; PICT 2013-1700 \u201cSociedades cazadoras-recolectoras tempranas en Tucum\u00e1n: una historia de m\u00e1s [&hellip;]<\/p>\n","protected":false},"author":2,"featured_media":0,"parent":0,"menu_order":0,"comment_status":"closed","ping_status":"closed","template":"","meta":{"site-sidebar-layout":"no-sidebar","site-content-layout":"page-builder","ast-site-content-layout":"default","site-content-style":"default","site-sidebar-style":"default","ast-global-header-display":"","ast-banner-title-visibility":"","ast-main-header-display":"","ast-hfb-above-header-display":"","ast-hfb-below-header-display":"","ast-hfb-mobile-header-display":"","site-post-title":"disabled","ast-breadcrumbs-content":"","ast-featured-img":"disabled","footer-sml-layout":"","ast-disable-related-posts":"","theme-transparent-header-meta":"default","adv-header-id-meta":"","stick-header-meta":"","header-above-stick-meta":"","header-main-stick-meta":"","header-below-stick-meta":"","astra-migrate-meta-layouts":"default","ast-page-background-enabled":"default","ast-page-background-meta":{"desktop":{"background-color":"var(--ast-global-color-4)","background-image":"","background-repeat":"repeat","background-position":"center center","background-size":"auto","background-attachment":"scroll","background-type":"","background-media":"","overlay-type":"","overlay-color":"","overlay-opacity":"","overlay-gradient":""},"tablet":{"background-color":"","background-image":"","background-repeat":"repeat","background-position":"center center","background-size":"auto","background-attachment":"scroll","background-type":"","background-media":"","overlay-type":"","overlay-color":"","overlay-opacity":"","overlay-gradient":""},"mobile":{"background-color":"","background-image":"","background-repeat":"repeat","background-position":"center center","background-size":"auto","background-attachment":"scroll","background-type":"","background-media":"","overlay-type":"","overlay-color":"","overlay-opacity":"","overlay-gradient":""}},"ast-content-background-meta":{"desktop":{"background-color":"var(--ast-global-color-5)","background-image":"","background-repeat":"repeat","background-position":"center center","background-size":"auto","background-attachment":"scroll","background-type":"","background-media":"","overlay-type":"","overlay-color":"","overlay-opacity":"","overlay-gradient":""},"tablet":{"background-color":"var(--ast-global-color-5)","background-image":"","background-repeat":"repeat","background-position":"center center","background-size":"auto","background-attachment":"scroll","background-type":"","background-media":"","overlay-type":"","overlay-color":"","overlay-opacity":"","overlay-gradient":""},"mobile":{"background-color":"var(--ast-global-color-5)","background-image":"","background-repeat":"repeat","background-position":"center center","background-size":"auto","background-attachment":"scroll","background-type":"","background-media":"","overlay-type":"","overlay-color":"","overlay-opacity":"","overlay-gradient":""}},"footnotes":""},"class_list":["post-411","page","type-page","status-publish","hentry"],"_links":{"self":[{"href":"https:\/\/arqueoinfiernillo.org\/sitioweb\/wp-json\/wp\/v2\/pages\/411","targetHints":{"allow":["GET"]}}],"collection":[{"href":"https:\/\/arqueoinfiernillo.org\/sitioweb\/wp-json\/wp\/v2\/pages"}],"about":[{"href":"https:\/\/arqueoinfiernillo.org\/sitioweb\/wp-json\/wp\/v2\/types\/page"}],"author":[{"embeddable":true,"href":"https:\/\/arqueoinfiernillo.org\/sitioweb\/wp-json\/wp\/v2\/users\/2"}],"replies":[{"embeddable":true,"href":"https:\/\/arqueoinfiernillo.org\/sitioweb\/wp-json\/wp\/v2\/comments?post=411"}],"version-history":[{"count":7,"href":"https:\/\/arqueoinfiernillo.org\/sitioweb\/wp-json\/wp\/v2\/pages\/411\/revisions"}],"predecessor-version":[{"id":418,"href":"https:\/\/arqueoinfiernillo.org\/sitioweb\/wp-json\/wp\/v2\/pages\/411\/revisions\/418"}],"wp:attachment":[{"href":"https:\/\/arqueoinfiernillo.org\/sitioweb\/wp-json\/wp\/v2\/media?parent=411"}],"curies":[{"name":"wp","href":"https:\/\/api.w.org\/{rel}","templated":true}]}}